{"id":43,"date":"2019-12-03T08:35:40","date_gmt":"2019-12-03T07:35:40","guid":{"rendered":"http:\/\/wlvpitten.at\/wlvpitten\/?page_id=43"},"modified":"2023-06-07T08:18:18","modified_gmt":"2023-06-07T07:18:18","slug":"daten-und-fakten","status":"publish","type":"page","link":"https:\/\/www.wlvpitten.at\/wlvpitten\/?page_id=43","title":{"rendered":"Daten und Fakten"},"content":{"rendered":"\n<h1 class=\"wp-block-heading\">Geb\u00fchren<\/h1>\n\n\n\n<p><strong>Wasserbezugsgeb\u00fchr:<\/strong>\u00a0 \u00a0 1m<sup>3<\/sup>\u00a0=\u00a01000 l\u00a0=\u00a0\u20ac 1,82 (exkl. Ust)<\/p>\n\n\n\n<p><strong>Wasserbereitstellungsgeb\u00fchr:<\/strong> Wasserz\u00e4hler f\u00fcr einen Durschschnittshaushalt pro Jahr \u20ac 82,50 (exkl. Ust); <strong>\u20ac 90,75<\/strong> (inkl. 10% Ust)<\/p>\n\n\n\n<p><\/p>\n\n\n\n<h1 class=\"wp-block-heading\">Verwaltungsdaten<\/h1>\n\n\n\n<figure class=\"wp-block-table\"><table><tbody><tr><th>Parteienverkehr:<\/th><td>Montag-Freitag<\/td><td>von 7:30 Uhr bis 11:30 Uhr<\/td><\/tr><tr><td>&nbsp;<\/td><td> <\/td><td> <\/td><\/tr><tr><th>Telfonnummern:<\/th><td>Festnetz<\/td><td>(02627) 824 46<\/td><\/tr><tr><td> <\/td><td>Fax<\/td><td>(02627) 824 46-6<\/td><\/tr><tr><td> <\/td><td>Mobil<\/td><td>(0664) 120 94 50\n<\/td><\/tr><tr><td>&nbsp;<\/td><td> <\/td><td> <\/td><\/tr><tr><th>E-Mail-Adresse:<\/th><td> <\/td><td>office@wlvpitten.at<\/td><\/tr><tr><td>&nbsp;<\/td><td> <\/td><td> <\/td><\/tr><tr><th>Homepage:<\/th><td> <\/td><td>www.wlvpitten.at<\/td><\/tr><tr><th>Datenschutzregister:<\/th><td>DVR-Nummer<\/td><td>0430960<\/td><\/tr><tr><td>&nbsp;<\/td><td> <\/td><td> <\/td><\/tr><tr><td> <\/td><td>UID-Nummer<\/td><td>AT U16253907<\/td><\/tr><tr><th>Bankverbindung:<\/th><td>IBAN-Nummer<\/td><td>AT783219500005100292<\/td><\/tr><tr><td> <\/td><td>BIC-Code<\/td><td>RLNWATWWASP<\/td><\/tr><tr><td>&nbsp; <\/td><td> <\/td><td> <\/td><\/tr><tr><th>Anschrift:<\/th><td> <\/td><td>Brunnerstra\u00dfe 532<\/td><\/tr><tr><td> <\/td><td> <\/td><td>2823 Pitten<\/td><\/tr><\/tbody><\/table><\/figure>\n\n\n\n<h1 class=\"wp-block-heading\">Daten und Fakten<\/h1>\n\n\n\n<p> Versorgte Einwohner: <strong>15.000 <\/strong><br> Wasseranschl\u00fcsse  <strong>5.000 <\/strong><br> Rohrleitung in km  <strong>270<\/strong><br> \u00d8 F\u00f6rdermenge \/Jahr<strong> 800.000  m3<\/strong><br> \u00d8 Pro-Kopfverbrauch <strong>150 l\/Tag<\/strong><br> Anzahl der Hochbeh\u00e4lter    <strong>20<\/strong><br> Anzahl der Quellen     <strong> 2<\/strong><br> Anzahl der Brunnen      <strong>6<\/strong><br><\/p>\n\n\n\n<p><\/p>\n\n\n\n<h2 class=\"wp-block-heading\">Geleistete Arbeiten 2022<\/h2>\n\n\n\n<p><strong>8<\/strong>  Hydranten neu  bzw. getauscht<br><br><strong>30<\/strong>  Hausanschl\u00fcsse neu<br><br><strong>120<\/strong> Hausanschl\u00fcsse ausgetauscht<br><br><strong>        ca. 6.700 m<\/strong> Hauptleitung neu bzw. ausgetauscht <br><br><strong>        ca. 3.900 m<\/strong> Hausanschlussleitung neu bzw. ausgetauscht <br><br><strong>8<\/strong> Rohrbr\u00fcche repariert<br><br><strong>         50<\/strong> Schieber neu bzw. ausgetauscht<br><br><strong>  ca. 1.205<\/strong> Wasserz\u00e4hler neu bzw. getauscht <br><br><strong>20<\/strong> Hochbeh\u00e4lter gereinigt <br><br><\/p>\n\n\n\n<h2 class=\"wp-block-heading\">Verwaltung<\/h2>\n\n\n\n<p><strong>   ca. 20.000 Stk\/Jahr<\/strong> Vorschreibungen  <\/p>\n\n\n\n<p>\nVerrechnung der Anschluss- und Erg\u00e4nzungsgeb\u00fchren<\/p>\n\n\n\n<p>\nAnsuchen um \u00a790 der Stvo <\/p>\n\n\n\n<p>\nAnsuchen um Sondernutzungen<\/p>\n\n\n\n<p>\nAnsuchen Wasserrechtsbeh\u00f6rde<\/p>\n\n\n\n<p>\nAntr\u00e4ge Geb\u00fchrenerh\u00f6hung<\/p>\n\n\n\n<p>\nAnsuchen um F\u00f6rderungen<\/p>\n\n\n\n<p>\nLohnverrechnung<\/p>\n\n\n\n<p>\nBuchhaltung<\/p>\n\n\n\n<p><\/p>\n\n\n\n<p><\/p>\n\n\n\n<p><\/p>\n\n\n\n<p><\/p>\n\n\n\n<p><\/p>\n","protected":false},"excerpt":{"rendered":"<p>Geb\u00fchren Wasserbezugsgeb\u00fchr:\u00a0 \u00a0 1m3\u00a0=\u00a01000 l\u00a0=\u00a0\u20ac 1,82 (exkl. Ust) Wasserbereitstellungsgeb\u00fchr: Wasserz\u00e4hler f\u00fcr einen Durschschnittshaushalt pro Jahr \u20ac 82,50 (exkl. Ust); \u20ac 90,75 (inkl. 10% Ust) Verwaltungsdaten Parteienverkehr: Montag-Freitag von 7:30 Uhr bis 11:30 Uhr &nbsp; Telfonnummern: Festnetz (02627) 824 46 Fax (02627) 824 46-6 Mobil (0664) 120 94 50 &nbsp; E-Mail-Adresse: office@wlvpitten.at &nbsp; Homepage: www.wlvpitten.at Datenschutzregister: [&hellip;]<\/p>\n","protected":false},"author":2,"featured_media":0,"parent":0,"menu_order":0,"comment_status":"closed","ping_status":"closed","template":"","meta":{"footnotes":""},"class_list":["post-43","page","type-page","status-publish","hentry"],"_links":{"self":[{"href":"https:\/\/www.wlvpitten.at\/wlvpitten\/index.php?rest_route=\/wp\/v2\/pages\/43","targetHints":{"allow":["GET"]}}],"collection":[{"href":"https:\/\/www.wlvpitten.at\/wlvpitten\/index.php?rest_route=\/wp\/v2\/pages"}],"about":[{"href":"https:\/\/www.wlvpitten.at\/wlvpitten\/index.php?rest_route=\/wp\/v2\/types\/page"}],"author":[{"embeddable":true,"href":"https:\/\/www.wlvpitten.at\/wlvpitten\/index.php?rest_route=\/wp\/v2\/users\/2"}],"replies":[{"embeddable":true,"href":"https:\/\/www.wlvpitten.at\/wlvpitten\/index.php?rest_route=%2Fwp%2Fv2%2Fcomments&post=43"}],"version-history":[{"count":9,"href":"https:\/\/www.wlvpitten.at\/wlvpitten\/index.php?rest_route=\/wp\/v2\/pages\/43\/revisions"}],"predecessor-version":[{"id":237,"href":"https:\/\/www.wlvpitten.at\/wlvpitten\/index.php?rest_route=\/wp\/v2\/pages\/43\/revisions\/237"}],"wp:attachment":[{"href":"https:\/\/www.wlvpitten.at\/wlvpitten\/index.php?rest_route=%2Fwp%2Fv2%2Fmedia&parent=43"}],"curies":[{"name":"wp","href":"https:\/\/api.w.org\/{rel}","templated":true}]}}